{"id":6041,"date":"2021-11-22T17:23:18","date_gmt":"2021-11-22T15:23:18","guid":{"rendered":"https:\/\/inteca.com\/pobierz-open-api-plugin-trial\/"},"modified":"2025-01-28T16:16:31","modified_gmt":"2025-01-28T14:16:31","slug":"pobierz-open-api-plugin-trial","status":"publish","type":"page","link":"https:\/\/inteca.com\/pl\/pobierz-open-api-plugin-trial\/","title":{"rendered":"Pobierz Open API Plugin &#8211; trial"},"content":{"rendered":"<style>.kb-row-layout-id3944_586b8d-44 > .kt-row-column-wrap{align-content:start;}:where(.kb-row-layout-id3944_586b8d-44 > .kt-row-column-wrap) > .wp-block-kadence-column{justify-content:start;}.kb-row-layout-id3944_586b8d-44 > .kt-row-column-wrap{column-gap:var(--global-kb-gap-md, 2rem);row-gap:var(--global-kb-gap-md, 2rem);max-width:900px;margin-left:auto;margin-right:auto;padding-top:130px;padding-bottom:325px;grid-template-columns:minmax(0, 1fr);}.kb-row-layout-id3944_586b8d-44{background-image:url('https:\/\/inteca.com\/wp-content\/uploads\/2022\/02\/46.png');background-size:cover;background-position:44% 20%;background-attachment:scroll;background-repeat:no-repeat;}.kb-row-layout-id3944_586b8d-44 > .kt-row-layout-overlay{opacity:0.00;background:linear-gradient(360deg, var(--global-palette5) 99%, var(--global-palette7) 100%);mix-blend-mode:overlay;}.kb-row-layout-id3944_586b8d-44 .kt-row-layout-bottom-sep{height:100px;}.kb-row-layout-id3944_586b8d-44 .kt-row-layout-bottom-sep svg{width:100%;}.kb-row-layout-id3944_586b8d-44 .kt-row-layout-bottom-sep svg{fill:#ffffff!important;}@media all and (min-width: 1025px){.kb-row-layout-id3944_586b8d-44{display:none !important;}}@media all and (max-width: 1024px){.kb-row-layout-id3944_586b8d-44 > .kt-row-column-wrap{grid-template-columns:minmax(0, 1fr);}}@media all and (max-width: 1024px){.kb-row-layout-id3944_586b8d-44 .kt-row-layout-bottom-sep{height:px;}}@media all and (max-width: 1024px){.kb-row-layout-id3944_586b8d-44 .kt-row-layout-bottom-sep svg{width:%;}}@media all and (min-width: 768px) and (max-width: 1024px){.kb-row-layout-id3944_586b8d-44{display:none !important;}}@media all and (max-width: 767px){.kb-row-layout-id3944_586b8d-44 > .kt-row-column-wrap{grid-template-columns:minmax(0, 1fr);}.kb-row-layout-id3944_586b8d-44 .kt-row-layout-bottom-sep{height:px;}.kb-row-layout-id3944_586b8d-44 .kt-row-layout-bottom-sep svg{width:%;}.kb-row-layout-id3944_586b8d-44{display:none !important;}}<\/style><div class=\"kb-row-layout-wrap kb-row-layout-id3944_586b8d-44 alignfull kb-v-lg-hidden kb-v-md-hidden kb-v-sm-hidden kt-row-has-bg wp-block-kadence-rowlayout\"><div class=\"kt-row-layout-overlay kt-row-overlay-gradient\"><\/div><div class=\"kt-row-layout-bottom-sep kt-row-sep-type-ctd\"><svg viewBox=\"0 0 1000 100\" preserveAspectRatio=\"none\"><path d=\"M1000,0l-500,98l-500,-98l0,100l1000,0l0,-100Z\" style=\"opacity: 0.4\" \/><path d=\"M1000,20l-500,78l-500,-78l0,80l1000,0l0,-80Z\" \/><\/svg><\/div><div class=\"kt-row-column-wrap kt-has-1-columns kt-row-layout-equal kt-tab-layout-inherit kt-mobile-layout-row kt-row-valign-top\">\n<style>.kadence-column3944_ba8e1a-04 > .kt-inside-inner-col,.kadence-column3944_ba8e1a-04 > .kt-inside-inner-col:before{border-top-left-radius:0px;border-top-right-radius:0px;border-bottom-right-radius:0px;border-bottom-left-radius:0px;}.kadence-column3944_ba8e1a-04 > .kt-inside-inner-col{column-gap:var(--global-kb-gap-sm, 1rem);}.kadence-column3944_ba8e1a-04 > .kt-inside-inner-col{flex-direction:column;}.kadence-column3944_ba8e1a-04 > .kt-inside-inner-col > .aligncenter{width:100%;}.kadence-column3944_ba8e1a-04 > .kt-inside-inner-col:before{opacity:0.3;}.kadence-column3944_ba8e1a-04{position:relative;}@media all and (max-width: 1024px){.kadence-column3944_ba8e1a-04 > .kt-inside-inner-col{flex-direction:column;justify-content:center;}}@media all and (max-width: 767px){.kadence-column3944_ba8e1a-04 > .kt-inside-inner-col{flex-direction:column;justify-content:center;}}<\/style>\n<div class=\"wp-block-kadence-column kadence-column3944_ba8e1a-04 inner-column-1\"><div class=\"kt-inside-inner-col\"><\/div><\/div>\n\n<\/div><\/div>\n\n<style>.kb-row-layout-id6041_44af31-67 > .kt-row-column-wrap{align-content:start;}:where(.kb-row-layout-id6041_44af31-67 > .kt-row-column-wrap) > .wp-block-kadence-column{justify-content:start;}.kb-row-layout-id6041_44af31-67 > .kt-row-column-wrap{column-gap:var(--global-kb-gap-md, 2rem);row-gap:var(--global-kb-gap-md, 2rem);max-width:var( --global-content-width, 1350px );padding-left:var(--global-content-edge-padding);padding-right:var(--global-content-edge-padding);padding-top:70px;padding-bottom:25px;grid-template-columns:minmax(0, 1fr);}.kb-row-layout-id6041_44af31-67 > .kt-row-layout-overlay{opacity:0.30;}@media all and (max-width: 1024px){.kb-row-layout-id6041_44af31-67 > .kt-row-column-wrap{grid-template-columns:minmax(0, 1fr);}}@media all and (max-width: 767px){.kb-row-layout-id6041_44af31-67 > .kt-row-column-wrap{grid-template-columns:minmax(0, 1fr);}}<\/style><div class=\"kb-row-layout-wrap kb-row-layout-id6041_44af31-67 alignnone wp-block-kadence-rowlayout\"><div class=\"kt-row-column-wrap kt-has-1-columns kt-row-layout-equal kt-tab-layout-inherit kt-mobile-layout-row kt-row-valign-top kb-theme-content-width\">\n<style>.kadence-column6041_b3f69c-94 > .kt-inside-inner-col,.kadence-column6041_b3f69c-94 > .kt-inside-inner-col:before{border-top-left-radius:0px;border-top-right-radius:0px;border-bottom-right-radius:0px;border-bottom-left-radius:0px;}.kadence-column6041_b3f69c-94 > .kt-inside-inner-col{column-gap:var(--global-kb-gap-sm, 1rem);}.kadence-column6041_b3f69c-94 > .kt-inside-inner-col{flex-direction:column;}.kadence-column6041_b3f69c-94 > .kt-inside-inner-col > .aligncenter{width:100%;}.kadence-column6041_b3f69c-94 > .kt-inside-inner-col:before{opacity:0.3;}.kadence-column6041_b3f69c-94{position:relative;}@media all and (max-width: 1024px){.kadence-column6041_b3f69c-94 > .kt-inside-inner-col{flex-direction:column;justify-content:center;}}@media all and (max-width: 767px){.kadence-column6041_b3f69c-94 > .kt-inside-inner-col{flex-direction:column;justify-content:center;}}<\/style>\n<div class=\"wp-block-kadence-column kadence-column6041_b3f69c-94 inner-column-1\"><div class=\"kt-inside-inner-col\"><style>.wp-block-kadence-advancedheading.kt-adv-heading6041_124fee-15, .wp-block-kadence-advancedheading.kt-adv-heading6041_124fee-15[data-kb-block=\"kb-adv-heading6041_124fee-15\"]{text-align:center;font-style:normal;}.wp-block-kadence-advancedheading.kt-adv-heading6041_124fee-15 mark.kt-highlight, .wp-block-kadence-advancedheading.kt-adv-heading6041_124fee-15[data-kb-block=\"kb-adv-heading6041_124fee-15\"] mark.kt-highlight{font-style:normal;color:#f76a0c;-webkit-box-decoration-break:clone;box-decoration-break:clone;padding-top:0px;padding-right:0px;padding-bottom:0px;padding-left:0px;}<\/style>\n<h1 class=\"kt-adv-heading6041_124fee-15 wp-block-kadence-advancedheading\" data-kb-block=\"kb-adv-heading6041_124fee-15\">Open API Plugin<\/h1>\n\n\n<style>.wp-block-kadence-advancedheading.kt-adv-heading6041_b77b66-b3, .wp-block-kadence-advancedheading.kt-adv-heading6041_b77b66-b3[data-kb-block=\"kb-adv-heading6041_b77b66-b3\"]{font-weight:400;font-style:normal;font-family:Montserrat;}.wp-block-kadence-advancedheading.kt-adv-heading6041_b77b66-b3 mark.kt-highlight, .wp-block-kadence-advancedheading.kt-adv-heading6041_b77b66-b3[data-kb-block=\"kb-adv-heading6041_b77b66-b3\"] mark.kt-highlight{font-style:normal;color:#f76a0c;-webkit-box-decoration-break:clone;box-decoration-break:clone;padding-top:0px;padding-right:0px;padding-bottom:0px;padding-left:0px;}<\/style>\n<h3 class=\"kt-adv-heading6041_b77b66-b3 wp-block-kadence-advancedheading has-theme-palette-3-color has-text-color\" data-kb-block=\"kb-adv-heading6041_b77b66-b3\">Wype\u0142nij poni\u017cszy formularz, aby pobra\u0107 plik instalacyjny Inteca Open API Plugin.<\/h3>\n\n\n\n<div style=\"height:100px\" aria-hidden=\"true\" class=\"wp-block-spacer\"><\/div>\n\n\n<script type=\"text\/javascript\" src=\"https:\/\/m.inteca.com\/form\/generate.js?id=13\"><\/script>\n<\/div><\/div>\n\n<\/div><\/div>\n\n\n<p><\/p>\n","protected":false},"excerpt":{"rendered":"<p>Open API Plugin Wype\u0142nij poni\u017cszy formularz, aby pobra\u0107 plik instalacyjny Inteca Open API Plugin.<\/p>\n","protected":false},"author":2,"featured_media":0,"parent":0,"menu_order":0,"comment_status":"closed","ping_status":"closed","template":"","meta":{"_acf_changed":false,"qubely_global_settings":"","qubely_interactions":"","_kad_blocks_custom_css":"","_kad_blocks_head_custom_js":"","_kad_blocks_body_custom_js":"","_kad_blocks_footer_custom_js":"","_kadence_starter_templates_imported_post":false,"_kad_post_transparent":"disable","_kad_post_title":"hide","_kad_post_layout":"","_kad_post_sidebar_id":"","_kad_post_content_style":"","_kad_post_vertical_padding":"","_kad_post_feature":"","_kad_post_feature_position":"","_kad_post_header":false,"_kad_post_footer":false,"_kad_post_classname":"","footnotes":""},"folder":[86],"class_list":["post-6041","page","type-page","status-publish","hentry"],"acf":[],"aioseo_notices":[],"taxonomy_info":[],"featured_image_src_large":false,"author_info":{"display_name":"Ma\u0142gorzata Jaworska","author_link":"https:\/\/inteca.com\/pl\/blog\/author\/mjaworska\/"},"comment_info":0,"aioseo_head":"\n\t\t<!-- All in One SEO Pro 4.9.5.2 - aioseo.com -->\n\t<meta name=\"description\" content=\"Open API Plugin Wype\u0142nij poni\u017cszy formularz, aby pobra\u0107 plik instalacyjny Inteca Open API Plugin.\" \/>\n\t<meta name=\"robots\" content=\"max-image-preview:large\" \/>\n\t<link rel=\"canonical\" href=\"https:\/\/inteca.com\/pl\/pobierz-open-api-plugin-trial\/\" \/>\n\t<meta name=\"generator\" content=\"All in One SEO Pro (AIOSEO) 4.9.5.2\" \/>\n\t\t<meta property=\"og:locale\" content=\"pl_PL\" \/>\n\t\t<meta property=\"og:site_name\" content=\"Inteca \u00bb IT&#039;s about business\" \/>\n\t\t<meta property=\"og:type\" content=\"article\" \/>\n\t\t<meta property=\"og:title\" content=\"Pobierz Open API Plugin \u2013 trial \u00bb Inteca\" \/>\n\t\t<meta property=\"og:description\" content=\"Open API Plugin Wype\u0142nij poni\u017cszy formularz, aby pobra\u0107 plik instalacyjny Inteca Open API Plugin.\" \/>\n\t\t<meta property=\"og:url\" content=\"https:\/\/inteca.com\/pl\/pobierz-open-api-plugin-trial\/\" \/>\n\t\t<meta property=\"og:image\" content=\"https:\/\/inteca.com\/wp-content\/uploads\/2022\/03\/Inteca_logo_CiemneTlo.png\" \/>\n\t\t<meta property=\"og:image:secure_url\" content=\"https:\/\/inteca.com\/wp-content\/uploads\/2022\/03\/Inteca_logo_CiemneTlo.png\" \/>\n\t\t<meta property=\"article:published_time\" content=\"2021-11-22T15:23:18+00:00\" \/>\n\t\t<meta property=\"article:modified_time\" content=\"2025-01-28T14:16:31+00:00\" \/>\n\t\t<meta name=\"twitter:card\" content=\"summary_large_image\" \/>\n\t\t<meta name=\"twitter:title\" content=\"Pobierz Open API Plugin \u2013 trial \u00bb Inteca\" \/>\n\t\t<meta name=\"twitter:description\" content=\"Open API Plugin Wype\u0142nij poni\u017cszy formularz, aby pobra\u0107 plik instalacyjny Inteca Open API Plugin.\" \/>\n\t\t<meta name=\"twitter:image\" content=\"https:\/\/inteca.com\/wp-content\/uploads\/2022\/03\/Inteca_logo_CiemneTlo.png\" \/>\n\t\t<script type=\"application\/ld+json\" class=\"aioseo-schema\">\n\t\t\t{\"@context\":\"https:\\\/\\\/schema.org\",\"@graph\":[{\"@type\":\"BreadcrumbList\",\"@id\":\"https:\\\/\\\/inteca.com\\\/pl\\\/pobierz-open-api-plugin-trial\\\/#breadcrumblist\",\"itemListElement\":[{\"@type\":\"ListItem\",\"@id\":\"https:\\\/\\\/inteca.com\\\/pl\\\/#listItem\",\"position\":1,\"name\":\"Home\",\"item\":\"https:\\\/\\\/inteca.com\\\/pl\\\/\",\"nextItem\":{\"@type\":\"ListItem\",\"@id\":\"https:\\\/\\\/inteca.com\\\/pl\\\/pobierz-open-api-plugin-trial\\\/#listItem\",\"name\":\"Pobierz Open API Plugin &#8211; trial\"}},{\"@type\":\"ListItem\",\"@id\":\"https:\\\/\\\/inteca.com\\\/pl\\\/pobierz-open-api-plugin-trial\\\/#listItem\",\"position\":2,\"name\":\"Pobierz Open API Plugin &#8211; trial\",\"previousItem\":{\"@type\":\"ListItem\",\"@id\":\"https:\\\/\\\/inteca.com\\\/pl\\\/#listItem\",\"name\":\"Home\"}}]},{\"@type\":\"Organization\",\"@id\":\"https:\\\/\\\/inteca.com\\\/pl\\\/#organization\",\"name\":\"Inteca Sp. z o.o.\",\"description\":\"Inteca is a specialized enterprise platform provider and Red Hat Advanced Partner. We design, implement, and operate mission-critical platforms based on Keycloak, Kafka, OpenShift, and Nuxeo enhanced with AI automation. We work in banking, insurance, and government sectors across the EU and the US.\",\"url\":\"https:\\\/\\\/inteca.com\\\/pl\\\/\",\"email\":\"contact@inteca.com\",\"telephone\":\"+48717156091\",\"foundingDate\":\"2011-04-01\",\"numberOfEmployees\":{\"@type\":\"QuantitativeValue\",\"value\":50},\"logo\":{\"@type\":\"ImageObject\",\"url\":\"https:\\\/\\\/inteca.com\\\/wp-content\\\/uploads\\\/2022\\\/01\\\/Inteca_logo_pion_tagline_JasneTlo.png\",\"@id\":\"https:\\\/\\\/inteca.com\\\/pl\\\/pobierz-open-api-plugin-trial\\\/#organizationLogo\",\"width\":288,\"height\":344},\"image\":{\"@id\":\"https:\\\/\\\/inteca.com\\\/pl\\\/pobierz-open-api-plugin-trial\\\/#organizationLogo\"},\"sameAs\":[\"https:\\\/\\\/pl.linkedin.com\\\/company\\\/inteca\"]},{\"@type\":\"WebPage\",\"@id\":\"https:\\\/\\\/inteca.com\\\/pl\\\/pobierz-open-api-plugin-trial\\\/#webpage\",\"url\":\"https:\\\/\\\/inteca.com\\\/pl\\\/pobierz-open-api-plugin-trial\\\/\",\"name\":\"Pobierz Open API Plugin \\u2013 trial \\u00bb Inteca\",\"description\":\"Open API Plugin Wype\\u0142nij poni\\u017cszy formularz, aby pobra\\u0107 plik instalacyjny Inteca Open API Plugin.\",\"inLanguage\":\"pl-PL\",\"isPartOf\":{\"@id\":\"https:\\\/\\\/inteca.com\\\/pl\\\/#website\"},\"breadcrumb\":{\"@id\":\"https:\\\/\\\/inteca.com\\\/pl\\\/pobierz-open-api-plugin-trial\\\/#breadcrumblist\"},\"datePublished\":\"2021-11-22T17:23:18+02:00\",\"dateModified\":\"2025-01-28T16:16:31+02:00\"},{\"@type\":\"WebSite\",\"@id\":\"https:\\\/\\\/inteca.com\\\/pl\\\/#website\",\"url\":\"https:\\\/\\\/inteca.com\\\/pl\\\/\",\"name\":\"Inteca\",\"alternateName\":\"Inteca\",\"description\":\"IT's about business\",\"inLanguage\":\"pl-PL\",\"publisher\":{\"@id\":\"https:\\\/\\\/inteca.com\\\/pl\\\/#organization\"}}]}\n\t\t<\/script>\n\t\t<!-- All in One SEO Pro -->\r\n\t\t<title>Pobierz Open API Plugin \u2013 trial \u00bb Inteca<\/title>\n\n","aioseo_head_json":{"title":"Pobierz Open API Plugin \u2013 trial \u00bb Inteca","description":"Open API Plugin Wype\u0142nij poni\u017cszy formularz, aby pobra\u0107 plik instalacyjny Inteca Open API Plugin.","canonical_url":"https:\/\/inteca.com\/pl\/pobierz-open-api-plugin-trial\/","robots":"max-image-preview:large","keywords":"","webmasterTools":{"miscellaneous":""},"schema":{"@context":"https:\/\/schema.org","@graph":[{"@type":"BreadcrumbList","@id":"https:\/\/inteca.com\/pl\/pobierz-open-api-plugin-trial\/#breadcrumblist","itemListElement":[{"@type":"ListItem","@id":"https:\/\/inteca.com\/pl\/#listItem","position":1,"name":"Home","item":"https:\/\/inteca.com\/pl\/","nextItem":{"@type":"ListItem","@id":"https:\/\/inteca.com\/pl\/pobierz-open-api-plugin-trial\/#listItem","name":"Pobierz Open API Plugin &#8211; trial"}},{"@type":"ListItem","@id":"https:\/\/inteca.com\/pl\/pobierz-open-api-plugin-trial\/#listItem","position":2,"name":"Pobierz Open API Plugin &#8211; trial","previousItem":{"@type":"ListItem","@id":"https:\/\/inteca.com\/pl\/#listItem","name":"Home"}}]},{"@type":"Organization","@id":"https:\/\/inteca.com\/pl\/#organization","name":"Inteca Sp. z o.o.","description":"Inteca is a specialized enterprise platform provider and Red Hat Advanced Partner. We design, implement, and operate mission-critical platforms based on Keycloak, Kafka, OpenShift, and Nuxeo enhanced with AI automation. We work in banking, insurance, and government sectors across the EU and the US.","url":"https:\/\/inteca.com\/pl\/","email":"contact@inteca.com","telephone":"+48717156091","foundingDate":"2011-04-01","numberOfEmployees":{"@type":"QuantitativeValue","value":50},"logo":{"@type":"ImageObject","url":"https:\/\/inteca.com\/wp-content\/uploads\/2022\/01\/Inteca_logo_pion_tagline_JasneTlo.png","@id":"https:\/\/inteca.com\/pl\/pobierz-open-api-plugin-trial\/#organizationLogo","width":288,"height":344},"image":{"@id":"https:\/\/inteca.com\/pl\/pobierz-open-api-plugin-trial\/#organizationLogo"},"sameAs":["https:\/\/pl.linkedin.com\/company\/inteca"]},{"@type":"WebPage","@id":"https:\/\/inteca.com\/pl\/pobierz-open-api-plugin-trial\/#webpage","url":"https:\/\/inteca.com\/pl\/pobierz-open-api-plugin-trial\/","name":"Pobierz Open API Plugin \u2013 trial \u00bb Inteca","description":"Open API Plugin Wype\u0142nij poni\u017cszy formularz, aby pobra\u0107 plik instalacyjny Inteca Open API Plugin.","inLanguage":"pl-PL","isPartOf":{"@id":"https:\/\/inteca.com\/pl\/#website"},"breadcrumb":{"@id":"https:\/\/inteca.com\/pl\/pobierz-open-api-plugin-trial\/#breadcrumblist"},"datePublished":"2021-11-22T17:23:18+02:00","dateModified":"2025-01-28T16:16:31+02:00"},{"@type":"WebSite","@id":"https:\/\/inteca.com\/pl\/#website","url":"https:\/\/inteca.com\/pl\/","name":"Inteca","alternateName":"Inteca","description":"IT's about business","inLanguage":"pl-PL","publisher":{"@id":"https:\/\/inteca.com\/pl\/#organization"}}]},"og:locale":"pl_PL","og:site_name":"Inteca \u00bb IT's about business","og:type":"article","og:title":"Pobierz Open API Plugin \u2013 trial \u00bb Inteca","og:description":"Open API Plugin Wype\u0142nij poni\u017cszy formularz, aby pobra\u0107 plik instalacyjny Inteca Open API Plugin.","og:url":"https:\/\/inteca.com\/pl\/pobierz-open-api-plugin-trial\/","og:image":"https:\/\/inteca.com\/wp-content\/uploads\/2022\/03\/Inteca_logo_CiemneTlo.png","og:image:secure_url":"https:\/\/inteca.com\/wp-content\/uploads\/2022\/03\/Inteca_logo_CiemneTlo.png","article:published_time":"2021-11-22T15:23:18+00:00","article:modified_time":"2025-01-28T14:16:31+00:00","twitter:card":"summary_large_image","twitter:title":"Pobierz Open API Plugin \u2013 trial \u00bb Inteca","twitter:description":"Open API Plugin Wype\u0142nij poni\u017cszy formularz, aby pobra\u0107 plik instalacyjny Inteca Open API Plugin.","twitter:image":"https:\/\/inteca.com\/wp-content\/uploads\/2022\/03\/Inteca_logo_CiemneTlo.png"},"aioseo_meta_data":{"post_id":"6041","title":null,"description":null,"keywords":null,"keyphrases":{"focus":{"keyphrase":"Open API Plugin","score":75,"analysis":{"keyphraseInTitle":{"score":9,"maxScore":9,"error":0},"keyphraseInDescription":{"score":9,"maxScore":9,"error":0},"keyphraseLength":{"score":9,"maxScore":9,"error":0,"length":3},"keyphraseInURL":{"score":5,"maxScore":5,"error":0},"keyphraseInIntroduction":{"score":3,"maxScore":9,"error":1},"keyphraseInSubHeadings":{"score":9,"maxScore":9,"error":0},"keyphraseInImageAlt":[],"keywordDensity":{"type":"high","score":0,"maxScore":9,"error":1}}},"additional":[]},"primary_term":null,"canonical_url":null,"og_title":null,"og_description":null,"og_object_type":"default","og_image_type":"default","og_image_url":null,"og_image_width":null,"og_image_height":null,"og_image_custom_url":null,"og_image_custom_fields":null,"og_video":"","og_custom_url":null,"og_article_section":null,"og_article_tags":null,"twitter_use_og":false,"twitter_card":"default","twitter_image_type":"default","twitter_image_url":null,"twitter_image_custom_url":null,"twitter_image_custom_fields":null,"twitter_title":null,"twitter_description":null,"schema":{"blockGraphs":[],"customGraphs":[],"default":{"data":{"Article":[],"Course":[],"Dataset":[],"FAQPage":[],"Movie":[],"Person":[],"Product":[],"ProductReview":[],"Car":[],"Recipe":[],"Service":[],"SoftwareApplication":[],"WebPage":[]},"graphName":"WebPage","isEnabled":true},"graphs":[]},"schema_type":"default","schema_type_options":null,"pillar_content":false,"robots_default":true,"robots_noindex":false,"robots_noarchive":false,"robots_nosnippet":false,"robots_nofollow":false,"robots_noimageindex":false,"robots_noodp":false,"robots_notranslate":false,"robots_max_snippet":"-1","robots_max_videopreview":"-1","robots_max_imagepreview":"large","priority":null,"frequency":"default","local_seo":null,"seo_analyzer_scan_date":"2025-08-25 13:32:19","breadcrumb_settings":null,"limit_modified_date":false,"reviewed_by":null,"open_ai":"{\"title\":{\"suggestions\":[],\"usage\":0},\"description\":{\"suggestions\":[],\"usage\":0}}","ai":null,"created":"2022-10-12 11:53:02","updated":"2025-09-08 12:31:50"},"aioseo_breadcrumb":"<div class=\"aioseo-breadcrumbs\"><span class=\"aioseo-breadcrumb\">\n\t<a href=\"https:\/\/inteca.com\/pl\/\" title=\"Home\">Home<\/a>\n<\/span><span class=\"aioseo-breadcrumb-separator\">\u00bb<\/span><span class=\"aioseo-breadcrumb\">\n\tPobierz Open API Plugin \u2013 trial\n<\/span><\/div>","aioseo_breadcrumb_json":[{"label":"Home","link":"https:\/\/inteca.com\/pl\/"},{"label":"Pobierz Open API Plugin &#8211; trial","link":"https:\/\/inteca.com\/pl\/pobierz-open-api-plugin-trial\/"}],"_links":{"self":[{"href":"https:\/\/inteca.com\/pl\/wp-json\/wp\/v2\/pages\/6041","targetHints":{"allow":["GET"]}}],"collection":[{"href":"https:\/\/inteca.com\/pl\/wp-json\/wp\/v2\/pages"}],"about":[{"href":"https:\/\/inteca.com\/pl\/wp-json\/wp\/v2\/types\/page"}],"author":[{"embeddable":true,"href":"https:\/\/inteca.com\/pl\/wp-json\/wp\/v2\/users\/2"}],"replies":[{"embeddable":true,"href":"https:\/\/inteca.com\/pl\/wp-json\/wp\/v2\/comments?post=6041"}],"version-history":[{"count":0,"href":"https:\/\/inteca.com\/pl\/wp-json\/wp\/v2\/pages\/6041\/revisions"}],"wp:attachment":[{"href":"https:\/\/inteca.com\/pl\/wp-json\/wp\/v2\/media?parent=6041"}],"wp:term":[{"taxonomy":"folder","embeddable":true,"href":"https:\/\/inteca.com\/pl\/wp-json\/wp\/v2\/folder?post=6041"}],"curies":[{"name":"wp","href":"https:\/\/api.w.org\/{rel}","templated":true}]}}